{"id":7332,"date":"2023-03-10T13:56:15","date_gmt":"2023-03-10T12:56:15","guid":{"rendered":"https:\/\/www.mpaschule.ch\/?page_id=7332"},"modified":"2025-12-22T10:31:09","modified_gmt":"2025-12-22T09:31:09","slug":"kauffrau-kaufmann-efz-bivo-2023","status":"publish","type":"page","link":"https:\/\/www.mpaschule.ch\/index.php\/kaufmaennische-bildung\/kauffrau-kaufmann-efz-bivo-2023\/","title":{"rendered":"Kauffrau \/ Kaufmann EFZ"},"content":{"rendered":"<h3><span style=\"color: #000080;\">Die neue Ausbildung &#8222;Kauffrau \/ Kaufmann EFZ&#8220; &#8211; handlungs- und praxisorientiert, modern und attraktiv.<\/span><br \/>\n<span style=\"color: #000080;\">Die neue kaufm\u00e4nnische Grundbildung macht den meistgew\u00e4hlten Lehrberuf der Schweiz fit f\u00fcr die Zukunft. Sie macht aus jungen Talenten praxiserprobte Profis.<\/span><\/h3>\n<h3><span style=\"color: #800000;\"><a style=\"color: #800000;\" href=\"https:\/\/forms.cloud.microsoft\/Pages\/ResponsePage.aspx?id=F5XseTvV9Ua1qnERnOEwG6P6GLZil1NHvNpZ-6h50nFUMlZBV0JUR1NKOUQ1TjVJWktDUkVPQzhFRi4u\">Melde Dich hier zum unverbindlichen Infogespr\u00e4ch an!<\/a><\/span><\/h3>\n<h4>Neu wird der Fokus w\u00e4hrend der gesamten Ausbildung zur\/zum Kauffrau \/ Kaufmann EFZ&#8220; auf den Erwerb von Handlungs-, Methoden- und Sozialkompetenzen gesetzt. Somit entf\u00e4llt der urspr\u00fcnglich f\u00e4cherorientierte Unterricht.<\/h4>\n<h3><span style=\"color: #000080;\">Die Lerninhalte aus Wirtschaft, Technologie und Kommunikation werden neu in 5 Handlungskompetenzbereichen organisiert:<\/span><\/h3>\n<ul>\n<li>\n<h4><strong>HKB A:<\/strong> Handeln in agilen Arbeits- und Organisationsformen &#8211; beinhaltet den Unterrichtsbereich Wirtschaft und Gesellschaft<\/h4>\n<\/li>\n<li>\n<h4><strong>HKB B:<\/strong> Interagieren in einem vernetzten Arbeitsumfeld &#8211; beinhaltet die Unterrichtsbereiche Deutsch, Wirtschaft und Gesellschaft<\/h4>\n<\/li>\n<li>\n<h4><strong>HKB C:<\/strong> Koordinieren von unternehmerischen Arbeitsprozessen &#8211; beinhaltet den Unterrichtsbereich Wirtschaft und Gesellschaft<\/h4>\n<\/li>\n<li>\n<h4><strong>HKB D:<\/strong> Gestalten von Kunden- und Lieferantenbeziehungen &#8211; beinhaltet die Unterrichtsbereiche Deutsch, Englisch<\/h4>\n<\/li>\n<li>\n<h4><strong>HKB E:<\/strong> Einsetzen von Technologien\u00a0 in der digitalen Arbeitswelt &#8211; beinhaltet den Unterrichtsbereich Informations-\/Kommunikationstechnologien (IKT)<\/h4>\n<\/li>\n<\/ul>\n<h4>Die Standardsprache im Unterricht ist Deutsch. Jedoch werden einzelne Bereiche in den Handlungskompetenzen auf Englisch unterrichtet.<\/h4>\n<h4><span lang=\"DE-CH\"><br \/>\nDie<span class=\"apple-converted-space\"> Ausbildung <\/span><strong data-start=\"419\" data-end=\"457\"><span style=\"color: #000080;\">Kauffrau \/ Kaufmann EFZ<\/span> <\/strong>an der MPA Berufs- und Handelsschule verbindet eine fundierte kaufm\u00e4nnische Grundbildung mit modernen Lernmethoden. Neben klassischen kaufm\u00e4nnischen Kompetenzen legen wir grossen Wert darauf, unsere Lernenden gezielt auf die Anforderungen einer sich wandelnden Arbeitswelt vorzubereiten.<\/span><\/h4>\n<h4 data-start=\"747\" data-end=\"1126\"><span lang=\"DE-CH\">Als moderne Schule integrieren wir<span class=\"apple-converted-space\">\u00a0<\/span><span style=\"color: #000080;\"><strong data-start=\"782\" data-end=\"820\">digitale und KI-gest\u00fctzte Methoden<\/strong><\/span><span class=\"apple-converted-space\">\u00a0<\/span>schrittweise in den Unterricht. Die Lernenden setzen sich dabei praxisnah mit neuen Technologien auseinander und lernen, digitale Werkzeuge verantwortungsvoll und sinnvoll im kaufm\u00e4nnischen Alltag einzusetzen. So wird die KV-Ausbildung nicht nur praxisorientiert, sondern auch<span class=\"apple-converted-space\">\u00a0<\/span><span style=\"color: #000080;\"><strong data-start=\"1098\" data-end=\"1115\">zukunftsf\u00e4hig<\/strong><\/span><span class=\"apple-converted-space\">\u00a0<\/span>gestaltet.<\/span><\/h4>\n<h4><span lang=\"DE-CH\">Unser Ziel ist es, angehende<span class=\"apple-converted-space\">\u00a0<\/span><strong data-start=\"1157\" data-end=\"1190\">K<\/strong>auffrauen und Kaufm\u00e4nner EFZ<span class=\"apple-converted-space\">\u00a0<\/span><strong><span style=\"color: #000080;\">fachlich, methodisch und pers\u00f6nlich<\/span><\/strong> so zu st\u00e4rken, dass sie den steigenden Anforderungen in Administration, Organisation und Kommunikation souver\u00e4n begegnen k\u00f6nnen \u2013 heute und in Zukunft.<\/span><\/h4>\n<hr \/>\n<h3><span style=\"color: #000080;\">Vollzeitlehrg\u00e4nge &#8211; Kauffrau \/ Kaufmann EFZ<\/span><\/h3>\n<h4><strong>1. <\/strong><a style=\"text-decoration: underline;\" href=\"https:\/\/www.mpaschule.ch\/index.php\/kaufmaennische-bildung\/buerofachdiplom-vsh\/\"><strong>Etappe:<\/strong> B\u00fcrofachdiplom VSH<\/a><\/h4>\n<h4><strong>Dauer:<\/strong> 1 Jahr (2 Semester)<\/h4>\n<hr \/>\n<h4><strong>2. <\/strong><a style=\"text-decoration: underline;\" href=\"https:\/\/www.mpaschule.ch\/index.php\/kaufmaennische-bildung\/handelsdiplom-vsh\/\"><strong>Etappe:<\/strong> Handelsdiplom VSH<\/a><\/h4>\n<h4><strong>Dauer:<\/strong> 1 Semester<\/h4>\n<hr \/>\n<h4><strong>3. <\/strong><a href=\"https:\/\/www.mpaschule.ch\/index.php\/kaufmaennische-bildung\/praktikum\/\"><strong>Etappe:<\/strong> Integriertes Praktikum KV (mit Unterricht)<\/a><\/h4>\n<h4><strong>Dauer:<\/strong> 1 Jahr (2 Semester)<\/h4>\n<hr \/>\n<h4><strong>4. Etappe:<\/strong> Pr\u00fcfungsvorbereitung auf eidg. F\u00e4higkeitszeugnis<\/h4>\n<h4><strong>Dauer:<\/strong> 1 Semester<\/h4>\n<hr \/>\n<h4>Ziel: Eidgen\u00f6ssisches F\u00e4higkeitszeugnis<\/h4>\n<h4>Kauffrau \/ Kaufmann EFZ<\/h4>\n<hr \/>\n<h3><span style=\"color: #000080;\">Anmeldeformular<\/span><\/h3>\n<h4><a class=\"anmeldungm\" href=\"https:\/\/www.mpaschule.ch\/wp-content\/uploads\/2025\/08\/KB_Anmeldeformular.pdf\">Kauffrau\/Kaufmann EFZ: Anmeldeformular zum Ausf\u00fcllen<\/a><\/h4>\n<hr \/>\n<h3><span style=\"color: #000080;\">Individuelles, unverbindliches Infogespr\u00e4ch<\/span><\/h3>\n<h4><a class=\"anmeldungm\" href=\"https:\/\/forms.cloud.microsoft\/Pages\/ResponsePage.aspx?id=F5XseTvV9Ua1qnERnOEwG6P6GLZil1NHvNpZ-6h50nFUMlZBV0JUR1NKOUQ1TjVJWktDUkVPQzhFRi4u\">Online-Formular f\u00fcr weitere Infos und\/oder Anmeldung unverbindliches Infogespr\u00e4ch<\/a><\/h4>\n","protected":false},"excerpt":{"rendered":"<p>Die neue Ausbildung &#8222;Kauffrau \/ Kaufmann EFZ&#8220; &#8211; handlungs- und praxisorientiert, modern und attraktiv. Die neue kaufm\u00e4nnische Grundbildung macht den meistgew\u00e4hlten Lehrberuf <a class=\"read-more\" href=\"https:\/\/www.mpaschule.ch\/index.php\/kaufmaennische-bildung\/kauffrau-kaufmann-efz-bivo-2023\/\">weiterlesen<\/a><\/p>\n","protected":false},"author":1,"featured_media":7338,"parent":17,"menu_order":0,"comment_status":"closed","ping_status":"closed","template":"TMP_KV.php","meta":{"_acf_changed":false,"footnotes":""},"class_list":["post-7332","page","type-page","status-publish","has-post-thumbnail","hentry"],"acf":[],"yoast_head":"<!-- This site is optimized with the Yoast SEO plugin v26.7 - https:\/\/yoast.com\/wordpress\/plugins\/seo\/ -->\r\n<title>Kauffrau \/ Kaufmann EFZ - MPA Berufs- und Handelsschule Buchs<\/title>\r\n<meta name=\"description\" content=\"Kauffrau \/ Kaufmann EFZ Ausbildung: Praxisnahe KV-Lehre mit individuellen Lernwegen, fundierter Grundbildung und guten Karriereperspektiven.\" \/>\r\n<meta name=\"robots\" content=\"index, follow, max-snippet:-1, max-image-preview:large, max-video-preview:-1\" \/>\r\n<link rel=\"canonical\" href=\"https:\/\/www.mpaschule.ch\/index.php\/kaufmaennische-bildung\/kauffrau-kaufmann-efz-bivo-2023\/\" \/>\r\n<meta property=\"og:locale\" content=\"de_DE\" \/>\r\n<meta property=\"og:type\" content=\"article\" \/>\r\n<meta property=\"og:title\" content=\"Kauffrau \/ Kaufmann EFZ - MPA Berufs- und Handelsschule Buchs\" \/>\r\n<meta property=\"og:description\" content=\"Kauffrau \/ Kaufmann EFZ Ausbildung: Praxisnahe KV-Lehre mit individuellen Lernwegen, fundierter Grundbildung und guten Karriereperspektiven.\" \/>\r\n<meta property=\"og:url\" content=\"https:\/\/www.mpaschule.ch\/index.php\/kaufmaennische-bildung\/kauffrau-kaufmann-efz-bivo-2023\/\" \/>\r\n<meta property=\"og:site_name\" content=\"MPA Berufs- und Handelsschule Buchs\" \/>\r\n<meta property=\"article:publisher\" content=\"https:\/\/www.facebook.com\/people\/MPA-Berufs-und-Handelsschule\/61575351655872\/\" \/>\r\n<meta property=\"article:modified_time\" content=\"2025-12-22T09:31:09+00:00\" \/>\r\n<meta property=\"og:image\" content=\"https:\/\/www.mpaschule.ch\/wp-content\/uploads\/2023\/03\/Bild1_EDV_Linh.jpg\" \/>\r\n\t<meta property=\"og:image:width\" content=\"1505\" \/>\r\n\t<meta property=\"og:image:height\" content=\"335\" \/>\r\n\t<meta property=\"og:image:type\" content=\"image\/jpeg\" \/>\r\n<meta name=\"twitter:card\" content=\"summary_large_image\" \/>\r\n<meta name=\"twitter:label1\" content=\"Gesch\u00e4tzte Lesezeit\" \/>\n\t<meta name=\"twitter:data1\" content=\"3\u00a0Minuten\" \/>\r\n<script type=\"application\/ld+json\" class=\"yoast-schema-graph\">{\"@context\":\"https:\/\/schema.org\",\"@graph\":[{\"@type\":\"WebPage\",\"@id\":\"https:\/\/www.mpaschule.ch\/index.php\/kaufmaennische-bildung\/kauffrau-kaufmann-efz-bivo-2023\/\",\"url\":\"https:\/\/www.mpaschule.ch\/index.php\/kaufmaennische-bildung\/kauffrau-kaufmann-efz-bivo-2023\/\",\"name\":\"Kauffrau \/ Kaufmann EFZ - MPA Berufs- und Handelsschule Buchs\",\"isPartOf\":{\"@id\":\"https:\/\/www.mpaschule.ch\/#website\"},\"primaryImageOfPage\":{\"@id\":\"https:\/\/www.mpaschule.ch\/index.php\/kaufmaennische-bildung\/kauffrau-kaufmann-efz-bivo-2023\/#primaryimage\"},\"image\":{\"@id\":\"https:\/\/www.mpaschule.ch\/index.php\/kaufmaennische-bildung\/kauffrau-kaufmann-efz-bivo-2023\/#primaryimage\"},\"thumbnailUrl\":\"https:\/\/www.mpaschule.ch\/wp-content\/uploads\/2023\/03\/Bild1_EDV_Linh.jpg\",\"datePublished\":\"2023-03-10T12:56:15+00:00\",\"dateModified\":\"2025-12-22T09:31:09+00:00\",\"description\":\"Kauffrau \/ Kaufmann EFZ Ausbildung: Praxisnahe KV-Lehre mit individuellen Lernwegen, fundierter Grundbildung und guten Karriereperspektiven.\",\"breadcrumb\":{\"@id\":\"https:\/\/www.mpaschule.ch\/index.php\/kaufmaennische-bildung\/kauffrau-kaufmann-efz-bivo-2023\/#breadcrumb\"},\"inLanguage\":\"de\",\"potentialAction\":[{\"@type\":\"ReadAction\",\"target\":[\"https:\/\/www.mpaschule.ch\/index.php\/kaufmaennische-bildung\/kauffrau-kaufmann-efz-bivo-2023\/\"]}]},{\"@type\":\"ImageObject\",\"inLanguage\":\"de\",\"@id\":\"https:\/\/www.mpaschule.ch\/index.php\/kaufmaennische-bildung\/kauffrau-kaufmann-efz-bivo-2023\/#primaryimage\",\"url\":\"https:\/\/www.mpaschule.ch\/wp-content\/uploads\/2023\/03\/Bild1_EDV_Linh.jpg\",\"contentUrl\":\"https:\/\/www.mpaschule.ch\/wp-content\/uploads\/2023\/03\/Bild1_EDV_Linh.jpg\",\"width\":1505,\"height\":335,\"caption\":\"Kauffrau \/ Kaufmann EFZ\"},{\"@type\":\"BreadcrumbList\",\"@id\":\"https:\/\/www.mpaschule.ch\/index.php\/kaufmaennische-bildung\/kauffrau-kaufmann-efz-bivo-2023\/#breadcrumb\",\"itemListElement\":[{\"@type\":\"ListItem\",\"position\":1,\"name\":\"Start\",\"item\":\"https:\/\/www.mpaschule.ch\/\"},{\"@type\":\"ListItem\",\"position\":2,\"name\":\"KV Ausbildung\",\"item\":\"https:\/\/www.mpaschule.ch\/index.php\/kaufmaennische-bildung\/\"},{\"@type\":\"ListItem\",\"position\":3,\"name\":\"Kauffrau \/ Kaufmann EFZ\"}]},{\"@type\":\"WebSite\",\"@id\":\"https:\/\/www.mpaschule.ch\/#website\",\"url\":\"https:\/\/www.mpaschule.ch\/\",\"name\":\"MPA Berufs- und Handelsschule Buchs\",\"description\":\"MPA EFZ, KV EFZ, MPK klinische Richtung, MPK praxisleitende Richtung, Handelsdiplom VSH, B\u00fcrofachdiplom VSH, Medizinische Praxisassistentin\/Medizinischer Praxisassistent EFZ, Medizinische Sekret\u00e4rin H+\/Arztsekret\u00e4rin\",\"publisher\":{\"@id\":\"https:\/\/www.mpaschule.ch\/#organization\"},\"potentialAction\":[{\"@type\":\"SearchAction\",\"target\":{\"@type\":\"EntryPoint\",\"urlTemplate\":\"https:\/\/www.mpaschule.ch\/?s={search_term_string}\"},\"query-input\":{\"@type\":\"PropertyValueSpecification\",\"valueRequired\":true,\"valueName\":\"search_term_string\"}}],\"inLanguage\":\"de\"},{\"@type\":\"Organization\",\"@id\":\"https:\/\/www.mpaschule.ch\/#organization\",\"name\":\"MPA Berufs- und Handelsschule Buchs\",\"url\":\"https:\/\/www.mpaschule.ch\/\",\"logo\":{\"@type\":\"ImageObject\",\"inLanguage\":\"de\",\"@id\":\"https:\/\/www.mpaschule.ch\/#\/schema\/logo\/image\/\",\"url\":\"https:\/\/www.mpaschule.ch\/wp-content\/uploads\/2025\/12\/Logo_gross_WeissHintergrund.png\",\"contentUrl\":\"https:\/\/www.mpaschule.ch\/wp-content\/uploads\/2025\/12\/Logo_gross_WeissHintergrund.png\",\"width\":1902,\"height\":2007,\"caption\":\"MPA Berufs- und Handelsschule Buchs\"},\"image\":{\"@id\":\"https:\/\/www.mpaschule.ch\/#\/schema\/logo\/image\/\"},\"sameAs\":[\"https:\/\/www.facebook.com\/people\/MPA-Berufs-und-Handelsschule\/61575351655872\/\",\"https:\/\/www.instagram.com\/mpaschule\/\",\"https:\/\/www.youtube.com\/@mpaschule-buchs\"]}]}<\/script>\r\n<!-- \/ Yoast SEO plugin. -->","yoast_head_json":{"title":"Kauffrau \/ Kaufmann EFZ - MPA Berufs- und Handelsschule Buchs","description":"Kauffrau \/ Kaufmann EFZ Ausbildung: Praxisnahe KV-Lehre mit individuellen Lernwegen, fundierter Grundbildung und guten Karriereperspektiven.","robots":{"index":"index","follow":"follow","max-snippet":"max-snippet:-1","max-image-preview":"max-image-preview:large","max-video-preview":"max-video-preview:-1"},"canonical":"https:\/\/www.mpaschule.ch\/index.php\/kaufmaennische-bildung\/kauffrau-kaufmann-efz-bivo-2023\/","og_locale":"de_DE","og_type":"article","og_title":"Kauffrau \/ Kaufmann EFZ - MPA Berufs- und Handelsschule Buchs","og_description":"Kauffrau \/ Kaufmann EFZ Ausbildung: Praxisnahe KV-Lehre mit individuellen Lernwegen, fundierter Grundbildung und guten Karriereperspektiven.","og_url":"https:\/\/www.mpaschule.ch\/index.php\/kaufmaennische-bildung\/kauffrau-kaufmann-efz-bivo-2023\/","og_site_name":"MPA Berufs- und Handelsschule Buchs","article_publisher":"https:\/\/www.facebook.com\/people\/MPA-Berufs-und-Handelsschule\/61575351655872\/","article_modified_time":"2025-12-22T09:31:09+00:00","og_image":[{"width":1505,"height":335,"url":"https:\/\/www.mpaschule.ch\/wp-content\/uploads\/2023\/03\/Bild1_EDV_Linh.jpg","type":"image\/jpeg"}],"twitter_card":"summary_large_image","twitter_misc":{"Gesch\u00e4tzte Lesezeit":"3\u00a0Minuten"},"schema":{"@context":"https:\/\/schema.org","@graph":[{"@type":"WebPage","@id":"https:\/\/www.mpaschule.ch\/index.php\/kaufmaennische-bildung\/kauffrau-kaufmann-efz-bivo-2023\/","url":"https:\/\/www.mpaschule.ch\/index.php\/kaufmaennische-bildung\/kauffrau-kaufmann-efz-bivo-2023\/","name":"Kauffrau \/ Kaufmann EFZ - MPA Berufs- und Handelsschule Buchs","isPartOf":{"@id":"https:\/\/www.mpaschule.ch\/#website"},"primaryImageOfPage":{"@id":"https:\/\/www.mpaschule.ch\/index.php\/kaufmaennische-bildung\/kauffrau-kaufmann-efz-bivo-2023\/#primaryimage"},"image":{"@id":"https:\/\/www.mpaschule.ch\/index.php\/kaufmaennische-bildung\/kauffrau-kaufmann-efz-bivo-2023\/#primaryimage"},"thumbnailUrl":"https:\/\/www.mpaschule.ch\/wp-content\/uploads\/2023\/03\/Bild1_EDV_Linh.jpg","datePublished":"2023-03-10T12:56:15+00:00","dateModified":"2025-12-22T09:31:09+00:00","description":"Kauffrau \/ Kaufmann EFZ Ausbildung: Praxisnahe KV-Lehre mit individuellen Lernwegen, fundierter Grundbildung und guten Karriereperspektiven.","breadcrumb":{"@id":"https:\/\/www.mpaschule.ch\/index.php\/kaufmaennische-bildung\/kauffrau-kaufmann-efz-bivo-2023\/#breadcrumb"},"inLanguage":"de","potentialAction":[{"@type":"ReadAction","target":["https:\/\/www.mpaschule.ch\/index.php\/kaufmaennische-bildung\/kauffrau-kaufmann-efz-bivo-2023\/"]}]},{"@type":"ImageObject","inLanguage":"de","@id":"https:\/\/www.mpaschule.ch\/index.php\/kaufmaennische-bildung\/kauffrau-kaufmann-efz-bivo-2023\/#primaryimage","url":"https:\/\/www.mpaschule.ch\/wp-content\/uploads\/2023\/03\/Bild1_EDV_Linh.jpg","contentUrl":"https:\/\/www.mpaschule.ch\/wp-content\/uploads\/2023\/03\/Bild1_EDV_Linh.jpg","width":1505,"height":335,"caption":"Kauffrau \/ Kaufmann EFZ"},{"@type":"BreadcrumbList","@id":"https:\/\/www.mpaschule.ch\/index.php\/kaufmaennische-bildung\/kauffrau-kaufmann-efz-bivo-2023\/#breadcrumb","itemListElement":[{"@type":"ListItem","position":1,"name":"Start","item":"https:\/\/www.mpaschule.ch\/"},{"@type":"ListItem","position":2,"name":"KV Ausbildung","item":"https:\/\/www.mpaschule.ch\/index.php\/kaufmaennische-bildung\/"},{"@type":"ListItem","position":3,"name":"Kauffrau \/ Kaufmann EFZ"}]},{"@type":"WebSite","@id":"https:\/\/www.mpaschule.ch\/#website","url":"https:\/\/www.mpaschule.ch\/","name":"MPA Berufs- und Handelsschule Buchs","description":"MPA EFZ, KV EFZ, MPK klinische Richtung, MPK praxisleitende Richtung, Handelsdiplom VSH, B\u00fcrofachdiplom VSH, Medizinische Praxisassistentin\/Medizinischer Praxisassistent EFZ, Medizinische Sekret\u00e4rin H+\/Arztsekret\u00e4rin","publisher":{"@id":"https:\/\/www.mpaschule.ch\/#organization"},"potentialAction":[{"@type":"SearchAction","target":{"@type":"EntryPoint","urlTemplate":"https:\/\/www.mpaschule.ch\/?s={search_term_string}"},"query-input":{"@type":"PropertyValueSpecification","valueRequired":true,"valueName":"search_term_string"}}],"inLanguage":"de"},{"@type":"Organization","@id":"https:\/\/www.mpaschule.ch\/#organization","name":"MPA Berufs- und Handelsschule Buchs","url":"https:\/\/www.mpaschule.ch\/","logo":{"@type":"ImageObject","inLanguage":"de","@id":"https:\/\/www.mpaschule.ch\/#\/schema\/logo\/image\/","url":"https:\/\/www.mpaschule.ch\/wp-content\/uploads\/2025\/12\/Logo_gross_WeissHintergrund.png","contentUrl":"https:\/\/www.mpaschule.ch\/wp-content\/uploads\/2025\/12\/Logo_gross_WeissHintergrund.png","width":1902,"height":2007,"caption":"MPA Berufs- und Handelsschule Buchs"},"image":{"@id":"https:\/\/www.mpaschule.ch\/#\/schema\/logo\/image\/"},"sameAs":["https:\/\/www.facebook.com\/people\/MPA-Berufs-und-Handelsschule\/61575351655872\/","https:\/\/www.instagram.com\/mpaschule\/","https:\/\/www.youtube.com\/@mpaschule-buchs"]}]}},"_links":{"self":[{"href":"https:\/\/www.mpaschule.ch\/index.php\/wp-json\/wp\/v2\/pages\/7332","targetHints":{"allow":["GET"]}}],"collection":[{"href":"https:\/\/www.mpaschule.ch\/index.php\/wp-json\/wp\/v2\/pages"}],"about":[{"href":"https:\/\/www.mpaschule.ch\/index.php\/wp-json\/wp\/v2\/types\/page"}],"author":[{"embeddable":true,"href":"https:\/\/www.mpaschule.ch\/index.php\/wp-json\/wp\/v2\/users\/1"}],"replies":[{"embeddable":true,"href":"https:\/\/www.mpaschule.ch\/index.php\/wp-json\/wp\/v2\/comments?post=7332"}],"version-history":[{"count":71,"href":"https:\/\/www.mpaschule.ch\/index.php\/wp-json\/wp\/v2\/pages\/7332\/revisions"}],"predecessor-version":[{"id":9986,"href":"https:\/\/www.mpaschule.ch\/index.php\/wp-json\/wp\/v2\/pages\/7332\/revisions\/9986"}],"up":[{"embeddable":true,"href":"https:\/\/www.mpaschule.ch\/index.php\/wp-json\/wp\/v2\/pages\/17"}],"wp:featuredmedia":[{"embeddable":true,"href":"https:\/\/www.mpaschule.ch\/index.php\/wp-json\/wp\/v2\/media\/7338"}],"wp:attachment":[{"href":"https:\/\/www.mpaschule.ch\/index.php\/wp-json\/wp\/v2\/media?parent=7332"}],"curies":[{"name":"wp","href":"https:\/\/api.w.org\/{rel}","templated":true}]}}