{"id":35,"date":"2016-01-29T15:14:24","date_gmt":"2016-01-29T14:14:24","guid":{"rendered":"http:\/\/mpaschule.ch\/?page_id=35"},"modified":"2026-03-07T13:01:29","modified_gmt":"2026-03-07T12:01:29","slug":"qualitaetssicherung","status":"publish","type":"page","link":"https:\/\/www.mpaschule.ch\/index.php\/ueber-uns\/qualitaetssicherung\/","title":{"rendered":"Qualit\u00e4tssicherung"},"content":{"rendered":"<h3><span style=\"color: #000080;\">Qualit\u00e4tssicherung an der MPA-Buchs: Die MPA Berufs- und Handelsschule ist eine vom Amt f\u00fcr Berufsbildung akkreditierte Berufsfachschule, ist mit dem <a href=\"https:\/\/alice.ch\/de\/qualitaet\/qualitaetslabel-eduqua\/\">eduQua-G\u00fctesiegel<\/a> zertifiziert und Mitglied folgender Institutionen:<\/span><\/h3>\n<ul>\n<li>\n<h4><a href=\"https:\/\/www.vsh.swiss\/vsh-business\" target=\"_blank\" rel=\"noopener noreferrer\">VSH Business\u00a0<\/a><\/h4>\n<\/li>\n<li>\n<h4><a href=\"https:\/\/www.vsh.swiss\/vsh-health\" target=\"_blank\" rel=\"noopener noreferrer\">VSH Health <\/a><\/h4>\n<\/li>\n<li>\n<h4><a href=\"https:\/\/www.vsh.swiss\/management\">VSH Management<\/a><\/h4>\n<\/li>\n<li>\n<h4><a href=\"http:\/\/www.swiss-schools.ch\/\" target=\"_blank\" rel=\"noopener noreferrer\">VSP<\/a><\/h4>\n<\/li>\n<li>\n<h4>Schweizerische Vereinigung f\u00fcr Betriebssanit\u00e4t SVBS<\/h4>\n<\/li>\n<li>\n<h4><a href=\"https:\/\/www.ict-berufsbildung.ch\/\" target=\"_blank\" rel=\"noopener\">Verband ICT<\/a><a href=\"https:\/\/www.ict-berufsbildung.ch\/\" target=\"_blank\" rel=\"noopener\"> Ber<\/a><a href=\"https:\/\/www.ict-berufsbildung.ch\/\" target=\"_blank\" rel=\"noopener\">ufsbildung<\/a><a href=\"https:\/\/www.ict-berufsbildung.ch\/\" target=\"_blank\" rel=\"noopener\"> Schweiz <\/a><\/h4>\n<\/li>\n<\/ul>\n<h3><span style=\"color: #000080;\">eduQua &#8211; <\/span><span style=\"color: #800000;\">das G\u00fctesiegel<\/span><\/h3>\n<h4>Im Rahmen des Zertifizierungsverfahrens erhalten Institutionen Anst\u00f6sse und R\u00fcckmeldungen zum eigenen Qualit\u00e4tsmanagement. Sie setzen sich in einer Selbstevaluation mit dem Unternehmen auseinander und erkennen dabei Chancen und M\u00f6glichkeiten f\u00fcr ihre interne Entwicklung. Dabei soll die Selbstevaluation nicht eine Momentaufnahme sein, sondern als F\u00fchrungsinstrument dienen. Die Zertifizierungsstellen begleiten die Institution w\u00e4hrend des Zertifizierungsverfahrens. Sie nehmen einen Audit vor Ort vor, erstellen einen Zertifizierungsbericht, machen j\u00e4hrliche Zwischenaudits und f\u00fchren alle drei Jahre die Re-Zertifizierung durch.<\/h4>\n<h4>Unser Qualit\u00e4tssystem zeigt transparent auf, wie wir unsere Ziele umsetzen, unsere T\u00e4tigkeiten hinterfragen und kontinuierlich weiterentwickeln und verbessern. Alle Mitarbeitenden tragen im Rahmen dieses Qualit\u00e4tssystems zur Schulentwicklung bei. Die vorgegebenen Rahmenrichtlinien des Bundesamtes f\u00fcr Berufsbildung und Technologie (BBT), des kantonalen Amtes f\u00fcr Berufsbildung und des Verbandes Schweizerischer Handelsschulen (VSH) dienen ebenfalls als Grundlage f\u00fcr unser Qualit\u00e4tsverst\u00e4ndnis und werden von allen Mitarbeitenden eingehalten.<\/h4>\n","protected":false},"excerpt":{"rendered":"<p>Qualit\u00e4tssicherung an der MPA-Buchs: Die MPA Berufs- und Handelsschule ist eine vom Amt f\u00fcr Berufsbildung akkreditierte Berufsfachschule, ist mit dem eduQua-G\u00fctesiegel zertifiziert <a class=\"read-more\" href=\"https:\/\/www.mpaschule.ch\/index.php\/ueber-uns\/qualitaetssicherung\/\">weiterlesen<\/a><\/p>\n","protected":false},"author":1,"featured_media":1180,"parent":31,"menu_order":30,"comment_status":"closed","ping_status":"closed","template":"TMP_KV.php","meta":{"_acf_changed":false,"footnotes":""},"class_list":["post-35","page","type-page","status-publish","has-post-thumbnail","hentry"],"acf":[],"yoast_head":"<!-- This site is optimized with the Yoast SEO plugin v26.7 - https:\/\/yoast.com\/wordpress\/plugins\/seo\/ -->\r\n<title>Qualit\u00e4tssicherung - MPA Berufs- und Handelsschule Buchs<\/title>\r\n<meta name=\"description\" content=\"Qualit\u00e4tssicherung an der MPA-Buchs: eduQua-zertifiziert, akkreditiert vom Amt f\u00fcr Berufsbildung und eingebunden in starke Schweizer Bildungsverb\u00e4nde.\" \/>\r\n<meta name=\"robots\" content=\"index, follow, max-snippet:-1, max-image-preview:large, max-video-preview:-1\" \/>\r\n<link rel=\"canonical\" href=\"https:\/\/www.mpaschule.ch\/index.php\/ueber-uns\/qualitaetssicherung\/\" \/>\r\n<meta property=\"og:locale\" content=\"de_DE\" \/>\r\n<meta property=\"og:type\" content=\"article\" \/>\r\n<meta property=\"og:title\" content=\"Qualit\u00e4tssicherung - MPA Berufs- und Handelsschule Buchs\" \/>\r\n<meta property=\"og:description\" content=\"Qualit\u00e4tssicherung an der MPA-Buchs: eduQua-zertifiziert, akkreditiert vom Amt f\u00fcr Berufsbildung und eingebunden in starke Schweizer Bildungsverb\u00e4nde.\" \/>\r\n<meta property=\"og:url\" content=\"https:\/\/www.mpaschule.ch\/index.php\/ueber-uns\/qualitaetssicherung\/\" \/>\r\n<meta property=\"og:site_name\" content=\"MPA Berufs- und Handelsschule Buchs\" \/>\r\n<meta property=\"article:publisher\" content=\"https:\/\/www.facebook.com\/people\/MPA-Berufs-und-Handelsschule\/61575351655872\/\" \/>\r\n<meta property=\"article:modified_time\" content=\"2026-03-07T12:01:29+00:00\" \/>\r\n<meta property=\"og:image\" content=\"https:\/\/www.mpaschule.ch\/wp-content\/uploads\/2016\/01\/MG_1900.jpg\" \/>\r\n\t<meta property=\"og:image:width\" content=\"963\" \/>\r\n\t<meta property=\"og:image:height\" content=\"189\" \/>\r\n\t<meta property=\"og:image:type\" content=\"image\/jpeg\" \/>\r\n<meta name=\"twitter:card\" content=\"summary_large_image\" \/>\r\n<meta name=\"twitter:label1\" content=\"Gesch\u00e4tzte Lesezeit\" \/>\n\t<meta name=\"twitter:data1\" content=\"2\u00a0Minuten\" \/>\r\n<script type=\"application\/ld+json\" class=\"yoast-schema-graph\">{\"@context\":\"https:\/\/schema.org\",\"@graph\":[{\"@type\":\"WebPage\",\"@id\":\"https:\/\/www.mpaschule.ch\/index.php\/ueber-uns\/qualitaetssicherung\/\",\"url\":\"https:\/\/www.mpaschule.ch\/index.php\/ueber-uns\/qualitaetssicherung\/\",\"name\":\"Qualit\u00e4tssicherung - MPA Berufs- und Handelsschule Buchs\",\"isPartOf\":{\"@id\":\"https:\/\/www.mpaschule.ch\/#website\"},\"primaryImageOfPage\":{\"@id\":\"https:\/\/www.mpaschule.ch\/index.php\/ueber-uns\/qualitaetssicherung\/#primaryimage\"},\"image\":{\"@id\":\"https:\/\/www.mpaschule.ch\/index.php\/ueber-uns\/qualitaetssicherung\/#primaryimage\"},\"thumbnailUrl\":\"https:\/\/www.mpaschule.ch\/wp-content\/uploads\/2016\/01\/MG_1900.jpg\",\"datePublished\":\"2016-01-29T14:14:24+00:00\",\"dateModified\":\"2026-03-07T12:01:29+00:00\",\"description\":\"Qualit\u00e4tssicherung an der MPA-Buchs: eduQua-zertifiziert, akkreditiert vom Amt f\u00fcr Berufsbildung und eingebunden in starke Schweizer Bildungsverb\u00e4nde.\",\"breadcrumb\":{\"@id\":\"https:\/\/www.mpaschule.ch\/index.php\/ueber-uns\/qualitaetssicherung\/#breadcrumb\"},\"inLanguage\":\"de\",\"potentialAction\":[{\"@type\":\"ReadAction\",\"target\":[\"https:\/\/www.mpaschule.ch\/index.php\/ueber-uns\/qualitaetssicherung\/\"]}]},{\"@type\":\"ImageObject\",\"inLanguage\":\"de\",\"@id\":\"https:\/\/www.mpaschule.ch\/index.php\/ueber-uns\/qualitaetssicherung\/#primaryimage\",\"url\":\"https:\/\/www.mpaschule.ch\/wp-content\/uploads\/2016\/01\/MG_1900.jpg\",\"contentUrl\":\"https:\/\/www.mpaschule.ch\/wp-content\/uploads\/2016\/01\/MG_1900.jpg\",\"width\":963,\"height\":189,\"caption\":\"Qualit\u00e4tssicherung\"},{\"@type\":\"BreadcrumbList\",\"@id\":\"https:\/\/www.mpaschule.ch\/index.php\/ueber-uns\/qualitaetssicherung\/#breadcrumb\",\"itemListElement\":[{\"@type\":\"ListItem\",\"position\":1,\"name\":\"Start\",\"item\":\"https:\/\/www.mpaschule.ch\/\"},{\"@type\":\"ListItem\",\"position\":2,\"name\":\"\u00dcber uns\",\"item\":\"https:\/\/www.mpaschule.ch\/index.php\/ueber-uns\/\"},{\"@type\":\"ListItem\",\"position\":3,\"name\":\"Qualit\u00e4tssicherung\"}]},{\"@type\":\"WebSite\",\"@id\":\"https:\/\/www.mpaschule.ch\/#website\",\"url\":\"https:\/\/www.mpaschule.ch\/\",\"name\":\"MPA Berufs- und Handelsschule Buchs\",\"description\":\"MPA EFZ, KV EFZ, MPK klinische Richtung, MPK praxisleitende Richtung, Handelsdiplom VSH, B\u00fcrofachdiplom VSH, Medizinische Praxisassistentin\/Medizinischer Praxisassistent EFZ, Medizinische Sekret\u00e4rin H+\/Arztsekret\u00e4rin\",\"publisher\":{\"@id\":\"https:\/\/www.mpaschule.ch\/#organization\"},\"potentialAction\":[{\"@type\":\"SearchAction\",\"target\":{\"@type\":\"EntryPoint\",\"urlTemplate\":\"https:\/\/www.mpaschule.ch\/?s={search_term_string}\"},\"query-input\":{\"@type\":\"PropertyValueSpecification\",\"valueRequired\":true,\"valueName\":\"search_term_string\"}}],\"inLanguage\":\"de\"},{\"@type\":\"Organization\",\"@id\":\"https:\/\/www.mpaschule.ch\/#organization\",\"name\":\"MPA Berufs- und Handelsschule Buchs\",\"url\":\"https:\/\/www.mpaschule.ch\/\",\"logo\":{\"@type\":\"ImageObject\",\"inLanguage\":\"de\",\"@id\":\"https:\/\/www.mpaschule.ch\/#\/schema\/logo\/image\/\",\"url\":\"https:\/\/www.mpaschule.ch\/wp-content\/uploads\/2025\/12\/Logo_gross_WeissHintergrund.png\",\"contentUrl\":\"https:\/\/www.mpaschule.ch\/wp-content\/uploads\/2025\/12\/Logo_gross_WeissHintergrund.png\",\"width\":1902,\"height\":2007,\"caption\":\"MPA Berufs- und Handelsschule Buchs\"},\"image\":{\"@id\":\"https:\/\/www.mpaschule.ch\/#\/schema\/logo\/image\/\"},\"sameAs\":[\"https:\/\/www.facebook.com\/people\/MPA-Berufs-und-Handelsschule\/61575351655872\/\",\"https:\/\/www.instagram.com\/mpaschule\/\",\"https:\/\/www.youtube.com\/@mpaschule-buchs\"]}]}<\/script>\r\n<!-- \/ Yoast SEO plugin. -->","yoast_head_json":{"title":"Qualit\u00e4tssicherung - MPA Berufs- und Handelsschule Buchs","description":"Qualit\u00e4tssicherung an der MPA-Buchs: eduQua-zertifiziert, akkreditiert vom Amt f\u00fcr Berufsbildung und eingebunden in starke Schweizer Bildungsverb\u00e4nde.","robots":{"index":"index","follow":"follow","max-snippet":"max-snippet:-1","max-image-preview":"max-image-preview:large","max-video-preview":"max-video-preview:-1"},"canonical":"https:\/\/www.mpaschule.ch\/index.php\/ueber-uns\/qualitaetssicherung\/","og_locale":"de_DE","og_type":"article","og_title":"Qualit\u00e4tssicherung - MPA Berufs- und Handelsschule Buchs","og_description":"Qualit\u00e4tssicherung an der MPA-Buchs: eduQua-zertifiziert, akkreditiert vom Amt f\u00fcr Berufsbildung und eingebunden in starke Schweizer Bildungsverb\u00e4nde.","og_url":"https:\/\/www.mpaschule.ch\/index.php\/ueber-uns\/qualitaetssicherung\/","og_site_name":"MPA Berufs- und Handelsschule Buchs","article_publisher":"https:\/\/www.facebook.com\/people\/MPA-Berufs-und-Handelsschule\/61575351655872\/","article_modified_time":"2026-03-07T12:01:29+00:00","og_image":[{"width":963,"height":189,"url":"https:\/\/www.mpaschule.ch\/wp-content\/uploads\/2016\/01\/MG_1900.jpg","type":"image\/jpeg"}],"twitter_card":"summary_large_image","twitter_misc":{"Gesch\u00e4tzte Lesezeit":"2\u00a0Minuten"},"schema":{"@context":"https:\/\/schema.org","@graph":[{"@type":"WebPage","@id":"https:\/\/www.mpaschule.ch\/index.php\/ueber-uns\/qualitaetssicherung\/","url":"https:\/\/www.mpaschule.ch\/index.php\/ueber-uns\/qualitaetssicherung\/","name":"Qualit\u00e4tssicherung - MPA Berufs- und Handelsschule Buchs","isPartOf":{"@id":"https:\/\/www.mpaschule.ch\/#website"},"primaryImageOfPage":{"@id":"https:\/\/www.mpaschule.ch\/index.php\/ueber-uns\/qualitaetssicherung\/#primaryimage"},"image":{"@id":"https:\/\/www.mpaschule.ch\/index.php\/ueber-uns\/qualitaetssicherung\/#primaryimage"},"thumbnailUrl":"https:\/\/www.mpaschule.ch\/wp-content\/uploads\/2016\/01\/MG_1900.jpg","datePublished":"2016-01-29T14:14:24+00:00","dateModified":"2026-03-07T12:01:29+00:00","description":"Qualit\u00e4tssicherung an der MPA-Buchs: eduQua-zertifiziert, akkreditiert vom Amt f\u00fcr Berufsbildung und eingebunden in starke Schweizer Bildungsverb\u00e4nde.","breadcrumb":{"@id":"https:\/\/www.mpaschule.ch\/index.php\/ueber-uns\/qualitaetssicherung\/#breadcrumb"},"inLanguage":"de","potentialAction":[{"@type":"ReadAction","target":["https:\/\/www.mpaschule.ch\/index.php\/ueber-uns\/qualitaetssicherung\/"]}]},{"@type":"ImageObject","inLanguage":"de","@id":"https:\/\/www.mpaschule.ch\/index.php\/ueber-uns\/qualitaetssicherung\/#primaryimage","url":"https:\/\/www.mpaschule.ch\/wp-content\/uploads\/2016\/01\/MG_1900.jpg","contentUrl":"https:\/\/www.mpaschule.ch\/wp-content\/uploads\/2016\/01\/MG_1900.jpg","width":963,"height":189,"caption":"Qualit\u00e4tssicherung"},{"@type":"BreadcrumbList","@id":"https:\/\/www.mpaschule.ch\/index.php\/ueber-uns\/qualitaetssicherung\/#breadcrumb","itemListElement":[{"@type":"ListItem","position":1,"name":"Start","item":"https:\/\/www.mpaschule.ch\/"},{"@type":"ListItem","position":2,"name":"\u00dcber uns","item":"https:\/\/www.mpaschule.ch\/index.php\/ueber-uns\/"},{"@type":"ListItem","position":3,"name":"Qualit\u00e4tssicherung"}]},{"@type":"WebSite","@id":"https:\/\/www.mpaschule.ch\/#website","url":"https:\/\/www.mpaschule.ch\/","name":"MPA Berufs- und Handelsschule Buchs","description":"MPA EFZ, KV EFZ, MPK klinische Richtung, MPK praxisleitende Richtung, Handelsdiplom VSH, B\u00fcrofachdiplom VSH, Medizinische Praxisassistentin\/Medizinischer Praxisassistent EFZ, Medizinische Sekret\u00e4rin H+\/Arztsekret\u00e4rin","publisher":{"@id":"https:\/\/www.mpaschule.ch\/#organization"},"potentialAction":[{"@type":"SearchAction","target":{"@type":"EntryPoint","urlTemplate":"https:\/\/www.mpaschule.ch\/?s={search_term_string}"},"query-input":{"@type":"PropertyValueSpecification","valueRequired":true,"valueName":"search_term_string"}}],"inLanguage":"de"},{"@type":"Organization","@id":"https:\/\/www.mpaschule.ch\/#organization","name":"MPA Berufs- und Handelsschule Buchs","url":"https:\/\/www.mpaschule.ch\/","logo":{"@type":"ImageObject","inLanguage":"de","@id":"https:\/\/www.mpaschule.ch\/#\/schema\/logo\/image\/","url":"https:\/\/www.mpaschule.ch\/wp-content\/uploads\/2025\/12\/Logo_gross_WeissHintergrund.png","contentUrl":"https:\/\/www.mpaschule.ch\/wp-content\/uploads\/2025\/12\/Logo_gross_WeissHintergrund.png","width":1902,"height":2007,"caption":"MPA Berufs- und Handelsschule Buchs"},"image":{"@id":"https:\/\/www.mpaschule.ch\/#\/schema\/logo\/image\/"},"sameAs":["https:\/\/www.facebook.com\/people\/MPA-Berufs-und-Handelsschule\/61575351655872\/","https:\/\/www.instagram.com\/mpaschule\/","https:\/\/www.youtube.com\/@mpaschule-buchs"]}]}},"_links":{"self":[{"href":"https:\/\/www.mpaschule.ch\/index.php\/wp-json\/wp\/v2\/pages\/35","targetHints":{"allow":["GET"]}}],"collection":[{"href":"https:\/\/www.mpaschule.ch\/index.php\/wp-json\/wp\/v2\/pages"}],"about":[{"href":"https:\/\/www.mpaschule.ch\/index.php\/wp-json\/wp\/v2\/types\/page"}],"author":[{"embeddable":true,"href":"https:\/\/www.mpaschule.ch\/index.php\/wp-json\/wp\/v2\/users\/1"}],"replies":[{"embeddable":true,"href":"https:\/\/www.mpaschule.ch\/index.php\/wp-json\/wp\/v2\/comments?post=35"}],"version-history":[{"count":62,"href":"https:\/\/www.mpaschule.ch\/index.php\/wp-json\/wp\/v2\/pages\/35\/revisions"}],"predecessor-version":[{"id":10198,"href":"https:\/\/www.mpaschule.ch\/index.php\/wp-json\/wp\/v2\/pages\/35\/revisions\/10198"}],"up":[{"embeddable":true,"href":"https:\/\/www.mpaschule.ch\/index.php\/wp-json\/wp\/v2\/pages\/31"}],"wp:featuredmedia":[{"embeddable":true,"href":"https:\/\/www.mpaschule.ch\/index.php\/wp-json\/wp\/v2\/media\/1180"}],"wp:attachment":[{"href":"https:\/\/www.mpaschule.ch\/index.php\/wp-json\/wp\/v2\/media?parent=35"}],"curies":[{"name":"wp","href":"https:\/\/api.w.org\/{rel}","templated":true}]}}