{"id":15,"date":"2016-01-29T15:01:10","date_gmt":"2016-01-29T14:01:10","guid":{"rendered":"http:\/\/mpaschule.ch\/?page_id=15"},"modified":"2026-04-12T10:48:14","modified_gmt":"2026-04-12T08:48:14","slug":"kurs-strahlenschutz-roentgentechnik","status":"publish","type":"page","link":"https:\/\/www.mpaschule.ch\/index.php\/medizinische-bildung\/kurs-strahlenschutz-roentgentechnik\/","title":{"rendered":"Medizinisches Labor in der Arztpraxis<br>Anerkannter Strahlenschutzkurs &#038; R\u00f6ntgenkurs nach BAG"},"content":{"rendered":"<h2><span style=\"color: #800000;\">Medizinisches Labor in der Arztpraxis:<\/span><\/h2>\n<h3><span style=\"color: #000080;\"><a style=\"color: #000080;\" href=\"https:\/\/forms.cloud.microsoft\/Pages\/ResponsePage.aspx?id=F5XseTvV9Ua1qnERnOEwG6P6GLZil1NHvNpZ-6h50nFUMlZBV0JUR1NKOUQ1TjVJWktDUkVPQzhFRi4u\">Melden Sie sich hier zum unverbindlichen Infogespr\u00e4ch an!<\/a><\/span><\/h3>\n<h3 class=\"p1\"><strong><span style=\"color: #000000;\">Der Kurs &#8222;Medizinisches Labor in der Arztpraxis&#8220; richtet sich vorwiegend an Interessent\/innen die eine medizinische Vorbildung haben. Er eignet sich auch besonders f\u00fcr:<\/span><\/strong><\/h3>\n<ul>\n<li class=\"p1\">\n<h4>MPA-Wiedereinsteiger\/-innen<\/h4>\n<\/li>\n<li class=\"p1\">\n<h4>Umsteiger\/-innen (Pflegefachleute)<\/h4>\n<\/li>\n<li class=\"p1\">\n<h4>\u201eBrush Up\u201c f\u00fcr Medizinische Praxisassistenten\/-innen<\/h4>\n<\/li>\n<li class=\"p1\">\n<h4>Fachpersonen, die bereits in einer \u00e4rztlichen Praxis arbeiten.<\/h4>\n<\/li>\n<\/ul>\n<h3><\/h3>\n<h2 class=\"p1\"><span style=\"color: #800000;\">Strahlenschutzkurs &amp; R\u00f6ntgenkurs nach BAG:<\/span><\/h2>\n<h3><span style=\"color: #000080;\"><a style=\"color: #000080;\" href=\"https:\/\/forms.cloud.microsoft\/Pages\/ResponsePage.aspx?id=F5XseTvV9Ua1qnERnOEwG6P6GLZil1NHvNpZ-6h50nFUMlZBV0JUR1NKOUQ1TjVJWktDUkVPQzhFRi4u\">Melden Sie sich hier zum unverbindlichen Infogespr\u00e4ch an!<\/a><\/span><\/h3>\n<h3><strong>Der &#8222;Strahlenschutzkurs und R\u00f6ntgenkurs nach BAG&#8220; an der MPA Berufs- und Handelsschule Buchs vermittelt umfassende theoretische Kenntnisse sowie weitgehende praktische Kompetenzen f\u00fcr den sicheren, verantwortungsvollen und gesetzeskonformen Umgang mit medizinischen R\u00f6ntgenanlagen. Der Kurs ist vom Bundesamt f\u00fcr Gesundheit (BAG) anerkannt und entspricht den aktuellen gesetzlichen Vorgaben gem\u00e4ss Strahlenschutz-Ausbildungsverordnung.<\/strong><\/h3>\n<h4>Das Weiterbildungsangebot richtet sich vorwiegend an <strong>Interessentinnen und Interessenten, die bereits einen anerkannten Gesundheitsberuf nach BAG erlernt haben<\/strong> und ihre beruflichen Qualifikationen gezielt erweitern m\u00f6chten. Ziel ist es, praxisrelevante Kompetenzen im Bereich <strong>Strahlenschutz und medizinische R\u00f6ntgentechnik <\/strong>aufzubauen und diese sicher im Berufsalltag anwenden zu k\u00f6nnen.<\/h4>\n<h4>Der Kurs kombiniert <strong>fundierte theoretische Inhalte<\/strong> mit einem starken <strong>Praxisfokus<\/strong>. Im Zentrum der Ausbildung steht die praxisorientierte Anwendung medizinischer R\u00f6ntgentechnik. Die Teilnehmenden werden gezielt darauf vorbereitet, <strong>medizinische R\u00f6ntgenanlagen unter der verantwortlichen Leitung eines Arztes oder einer \u00c4rztin<\/strong> zu bedienen. Gem\u00e4ss den gesetzlichen Vorgaben sind dabei <strong>ausschliesslich R\u00f6ntgenaufnahmen der Extremit\u00e4ten sowie des Thorax <\/strong>gestattet.<\/h4>\n<h4>Ein besonderer Schwerpunkt liegt auf der <strong>korrekten Lagerungstechnik<\/strong>, der Auswahl geeigneter Einstellparameter, der Beurteilung der Bildqualit\u00e4t sowie der Durchf\u00fchrung von Qualit\u00e4tskontrollen. Ebenso wird grosser Wert auf die <strong>konsequente Anwendung von Strahlenschutzmassnahmen<\/strong> gelegt, um sowohl Patientinnen und Patienten als auch das medizinische Fachpersonal bestm\u00f6glich zu sch\u00fctzen.<\/h4>\n<h4>Die praktische Ausbildung wird erg\u00e4nzt durch eine <strong>umfassende theoretische Schulung<\/strong> in den Bereichen R\u00f6ntgentechnik, Strahlenphysik, Strahlenbiologie, Dosimetrie, gesetzliche Grundlagen sowie Qualit\u00e4tsmanagement. Diese Inhalte schaffen ein solides Verst\u00e4ndnis f\u00fcr die Wirkungsweise ionisierender Strahlung und die damit verbundenen Verantwortung im medizinischen Alltag.<\/h4>\n<h4>Ein besonderes Highlight des Kurses ist das <strong>Strahlenschutzpraktikum am Paul Scherrer Institut (PSI) in Villigen<\/strong>. Dort erhalten die Teilnehmenden wertvolle Einblicke in den professionellen Umgang mit ionisierender Strahlung und vertiefen ihr Wissen in einer einzigartigen Lernumgebung.<\/h4>\n<h4>Nach erfolgreichem Abschluss des Kurses und Bestehen der vorgeschriebenen Abschlusspr\u00fcfung erhalten die Teilnehmenden das <strong>Zertifikat \u201eAnerkannte Ausbildung in Strahlenschutz und R\u00f6ntgentechnik nach BAG\u201c<\/strong>, das sie zur Aus\u00fcbung der entsprechenden T\u00e4tigkeiten im gesetzlich definierten Rahmen berechtigt.<\/h4>\n<h4><\/h4>\n<p class=\"p1\"><img loading=\"lazy\" decoding=\"async\" class=\"alignnone wp-image-1592 size-large\" src=\"https:\/\/www.mpaschule.ch\/wp-content\/uploads\/2016\/01\/MPABuchsSG_sept08-15-e1465482623375-1024x589.jpg\" alt=\"Strahlenschutz und R\u00f6ntgentechnik:\" width=\"640\" height=\"368\" \/><\/p>\n<hr \/>\n<h3><span style=\"color: #800000;\">Daten aktueller Strahlenschutzkurs &amp; R\u00f6ntgenkurs nach BAG:<\/span><\/h3>\n<h4><a href=\"https:\/\/mpa-smartadmin.ch\/public\/stundenplan\/8526ccd87402445ae1f41f9462cfd394a6be6a105c207e3a\">Hier finden Sie den aktuellen Stundenplan<\/a><span style=\"color: #800000;\"><\/p>\n<p>Ausbildungsbeginn n\u00e4chster Strahlenschutzkurs &amp; R\u00f6ntgenkurs nach BAG:<\/span><\/h4>\n<h4>November 2026<\/h4>\n<hr \/>\n<h3><span style=\"color: #800000;\">Anmeldung:<\/span><\/h3>\n<h4><a class=\"anmeldungm\" href=\"https:\/\/www.mpaschule.ch\/wp-content\/uploads\/2025\/08\/Medizinisches-Labor_Basiskurs_Anmeldeformular.pdf\">Medizinisches Labor Basiskurs: Anmeldeformular zum Ausf\u00fcllen<\/a><br \/>\n<a class=\"anmeldungm\" href=\"https:\/\/www.mpaschule.ch\/wp-content\/uploads\/2026\/01\/Roentgenkurs_Anmeldeformular.pdf\">Strahlenschutzkurs &amp; R\u00f6ntgenkurs: Anmeldeformular zum Ausf\u00fcllen<\/a><\/h4>\n<hr \/>\n<h3><span style=\"color: #800000;\">Individuelles, unverbindliches Infogespr\u00e4ch:<\/span><\/h3>\n<h4><a class=\"anmeldungm\" href=\"https:\/\/forms.cloud.microsoft\/Pages\/ResponsePage.aspx?id=F5XseTvV9Ua1qnERnOEwG6P6GLZil1NHvNpZ-6h50nFUMlZBV0JUR1NKOUQ1TjVJWktDUkVPQzhFRi4u\">Online-Formular f\u00fcr weitere Infos und\/oder Anmeldung unverbindliches Infogespr\u00e4ch<\/a><\/h4>\n","protected":false},"excerpt":{"rendered":"<p>Medizinisches Labor in der Arztpraxis: Melden Sie sich hier zum unverbindlichen Infogespr\u00e4ch an! Der Kurs &#8222;Medizinisches Labor in der Arztpraxis&#8220; richtet sich <a class=\"read-more\" href=\"https:\/\/www.mpaschule.ch\/index.php\/medizinische-bildung\/kurs-strahlenschutz-roentgentechnik\/\">weiterlesen<\/a><\/p>\n","protected":false},"author":1,"featured_media":1596,"parent":7,"menu_order":100,"comment_status":"closed","ping_status":"closed","template":"TMP_MED.php","meta":{"_acf_changed":false,"footnotes":""},"class_list":["post-15","page","type-page","status-publish","has-post-thumbnail","hentry"],"acf":[],"yoast_head":"<!-- This site is optimized with the Yoast SEO plugin v27.3 - https:\/\/yoast.com\/product\/yoast-seo-wordpress\/ -->\r\n<title>Strahlenschutzkurs &amp; R\u00f6ntgenkurs nach BAG - MPA Schule Buchs<\/title>\r\n<meta name=\"description\" content=\"Strahlenschutzkurs und R\u00f6ntgenkurs nach BAG und Medizinisches Labor in der Arztpraxis sind anerkannte Weiterbildungen der MPA Schule Buchs\" \/>\r\n<meta name=\"robots\" content=\"index, follow, max-snippet:-1, max-image-preview:large, max-video-preview:-1\" \/>\r\n<link rel=\"canonical\" href=\"https:\/\/www.mpaschule.ch\/index.php\/medizinische-bildung\/kurs-strahlenschutz-roentgentechnik\/\" \/>\r\n<meta property=\"og:locale\" content=\"de_DE\" \/>\r\n<meta property=\"og:type\" content=\"article\" \/>\r\n<meta property=\"og:title\" content=\"Strahlenschutzkurs &amp; R\u00f6ntgenkurs nach BAG - MPA Schule Buchs\" \/>\r\n<meta property=\"og:description\" content=\"Strahlenschutzkurs und R\u00f6ntgenkurs nach BAG und Medizinisches Labor in der Arztpraxis sind anerkannte Weiterbildungen der MPA Schule Buchs\" \/>\r\n<meta property=\"og:url\" content=\"https:\/\/www.mpaschule.ch\/index.php\/medizinische-bildung\/kurs-strahlenschutz-roentgentechnik\/\" \/>\r\n<meta property=\"og:site_name\" content=\"MPA Berufs- und Handelsschule Buchs\" \/>\r\n<meta property=\"article:publisher\" content=\"https:\/\/www.facebook.com\/people\/MPA-Berufs-und-Handelsschule\/61575351655872\/\" \/>\r\n<meta property=\"article:modified_time\" content=\"2026-04-12T08:48:14+00:00\" \/>\r\n<meta property=\"og:image\" content=\"https:\/\/www.mpaschule.ch\/wp-content\/uploads\/2016\/01\/MG_1497.jpg\" \/>\r\n\t<meta property=\"og:image:width\" content=\"3012\" \/>\r\n\t<meta property=\"og:image:height\" content=\"591\" \/>\r\n\t<meta property=\"og:image:type\" content=\"image\/jpeg\" \/>\r\n<meta name=\"twitter:card\" content=\"summary_large_image\" \/>\r\n<meta name=\"twitter:label1\" content=\"Gesch\u00e4tzte Lesezeit\" \/>\n\t<meta name=\"twitter:data1\" content=\"3\u00a0Minuten\" \/>\r\n<script type=\"application\/ld+json\" class=\"yoast-schema-graph\">{\"@context\":\"https:\\\/\\\/schema.org\",\"@graph\":[{\"@type\":\"WebPage\",\"@id\":\"https:\\\/\\\/www.mpaschule.ch\\\/index.php\\\/medizinische-bildung\\\/kurs-strahlenschutz-roentgentechnik\\\/\",\"url\":\"https:\\\/\\\/www.mpaschule.ch\\\/index.php\\\/medizinische-bildung\\\/kurs-strahlenschutz-roentgentechnik\\\/\",\"name\":\"Strahlenschutzkurs & R\u00f6ntgenkurs nach BAG - MPA Schule Buchs\",\"isPartOf\":{\"@id\":\"https:\\\/\\\/www.mpaschule.ch\\\/#website\"},\"primaryImageOfPage\":{\"@id\":\"https:\\\/\\\/www.mpaschule.ch\\\/index.php\\\/medizinische-bildung\\\/kurs-strahlenschutz-roentgentechnik\\\/#primaryimage\"},\"image\":{\"@id\":\"https:\\\/\\\/www.mpaschule.ch\\\/index.php\\\/medizinische-bildung\\\/kurs-strahlenschutz-roentgentechnik\\\/#primaryimage\"},\"thumbnailUrl\":\"https:\\\/\\\/www.mpaschule.ch\\\/wp-content\\\/uploads\\\/2016\\\/01\\\/MG_1497.jpg\",\"datePublished\":\"2016-01-29T14:01:10+00:00\",\"dateModified\":\"2026-04-12T08:48:14+00:00\",\"description\":\"Strahlenschutzkurs und R\u00f6ntgenkurs nach BAG und Medizinisches Labor in der Arztpraxis sind anerkannte Weiterbildungen der MPA Schule Buchs\",\"breadcrumb\":{\"@id\":\"https:\\\/\\\/www.mpaschule.ch\\\/index.php\\\/medizinische-bildung\\\/kurs-strahlenschutz-roentgentechnik\\\/#breadcrumb\"},\"inLanguage\":\"de\",\"potentialAction\":[{\"@type\":\"ReadAction\",\"target\":[\"https:\\\/\\\/www.mpaschule.ch\\\/index.php\\\/medizinische-bildung\\\/kurs-strahlenschutz-roentgentechnik\\\/\"]}]},{\"@type\":\"ImageObject\",\"inLanguage\":\"de\",\"@id\":\"https:\\\/\\\/www.mpaschule.ch\\\/index.php\\\/medizinische-bildung\\\/kurs-strahlenschutz-roentgentechnik\\\/#primaryimage\",\"url\":\"https:\\\/\\\/www.mpaschule.ch\\\/wp-content\\\/uploads\\\/2016\\\/01\\\/MG_1497.jpg\",\"contentUrl\":\"https:\\\/\\\/www.mpaschule.ch\\\/wp-content\\\/uploads\\\/2016\\\/01\\\/MG_1497.jpg\",\"width\":3012,\"height\":591,\"caption\":\"Strahlenschutzkurs & R\u00f6ntgenkurs nach BAG\"},{\"@type\":\"BreadcrumbList\",\"@id\":\"https:\\\/\\\/www.mpaschule.ch\\\/index.php\\\/medizinische-bildung\\\/kurs-strahlenschutz-roentgentechnik\\\/#breadcrumb\",\"itemListElement\":[{\"@type\":\"ListItem\",\"position\":1,\"name\":\"Start\",\"item\":\"https:\\\/\\\/www.mpaschule.ch\\\/\"},{\"@type\":\"ListItem\",\"position\":2,\"name\":\"Medizinische Bildung\",\"item\":\"https:\\\/\\\/www.mpaschule.ch\\\/index.php\\\/medizinische-bildung\\\/\"},{\"@type\":\"ListItem\",\"position\":3,\"name\":\"Medizinisches Labor in der ArztpraxisAnerkannter Strahlenschutzkurs &#038; R\u00f6ntgenkurs nach BAG\"}]},{\"@type\":\"WebSite\",\"@id\":\"https:\\\/\\\/www.mpaschule.ch\\\/#website\",\"url\":\"https:\\\/\\\/www.mpaschule.ch\\\/\",\"name\":\"MPA Berufs- und Handelsschule Buchs\",\"description\":\"MPA EFZ, KV EFZ, MPK klinische Richtung, MPK praxisleitende Richtung, Handelsdiplom VSH, B\u00fcrofachdiplom VSH, Medizinische Praxisassistentin\\\/Medizinischer Praxisassistent EFZ, Medizinische Sekret\u00e4rin H+\\\/Arztsekret\u00e4rin\",\"publisher\":{\"@id\":\"https:\\\/\\\/www.mpaschule.ch\\\/#organization\"},\"potentialAction\":[{\"@type\":\"SearchAction\",\"target\":{\"@type\":\"EntryPoint\",\"urlTemplate\":\"https:\\\/\\\/www.mpaschule.ch\\\/?s={search_term_string}\"},\"query-input\":{\"@type\":\"PropertyValueSpecification\",\"valueRequired\":true,\"valueName\":\"search_term_string\"}}],\"inLanguage\":\"de\"},{\"@type\":\"Organization\",\"@id\":\"https:\\\/\\\/www.mpaschule.ch\\\/#organization\",\"name\":\"MPA Berufs- und Handelsschule Buchs\",\"url\":\"https:\\\/\\\/www.mpaschule.ch\\\/\",\"logo\":{\"@type\":\"ImageObject\",\"inLanguage\":\"de\",\"@id\":\"https:\\\/\\\/www.mpaschule.ch\\\/#\\\/schema\\\/logo\\\/image\\\/\",\"url\":\"https:\\\/\\\/www.mpaschule.ch\\\/wp-content\\\/uploads\\\/2025\\\/12\\\/Logo_gross_WeissHintergrund.png\",\"contentUrl\":\"https:\\\/\\\/www.mpaschule.ch\\\/wp-content\\\/uploads\\\/2025\\\/12\\\/Logo_gross_WeissHintergrund.png\",\"width\":1902,\"height\":2007,\"caption\":\"MPA Berufs- und Handelsschule Buchs\"},\"image\":{\"@id\":\"https:\\\/\\\/www.mpaschule.ch\\\/#\\\/schema\\\/logo\\\/image\\\/\"},\"sameAs\":[\"https:\\\/\\\/www.facebook.com\\\/people\\\/MPA-Berufs-und-Handelsschule\\\/61575351655872\\\/\",\"https:\\\/\\\/www.instagram.com\\\/mpaschule\\\/\",\"https:\\\/\\\/www.youtube.com\\\/@mpaschule-buchs\"]}]}<\/script>\r\n<!-- \/ Yoast SEO plugin. -->","yoast_head_json":{"title":"Strahlenschutzkurs & R\u00f6ntgenkurs nach BAG - MPA Schule Buchs","description":"Strahlenschutzkurs und R\u00f6ntgenkurs nach BAG und Medizinisches Labor in der Arztpraxis sind anerkannte Weiterbildungen der MPA Schule Buchs","robots":{"index":"index","follow":"follow","max-snippet":"max-snippet:-1","max-image-preview":"max-image-preview:large","max-video-preview":"max-video-preview:-1"},"canonical":"https:\/\/www.mpaschule.ch\/index.php\/medizinische-bildung\/kurs-strahlenschutz-roentgentechnik\/","og_locale":"de_DE","og_type":"article","og_title":"Strahlenschutzkurs & R\u00f6ntgenkurs nach BAG - MPA Schule Buchs","og_description":"Strahlenschutzkurs und R\u00f6ntgenkurs nach BAG und Medizinisches Labor in der Arztpraxis sind anerkannte Weiterbildungen der MPA Schule Buchs","og_url":"https:\/\/www.mpaschule.ch\/index.php\/medizinische-bildung\/kurs-strahlenschutz-roentgentechnik\/","og_site_name":"MPA Berufs- und Handelsschule Buchs","article_publisher":"https:\/\/www.facebook.com\/people\/MPA-Berufs-und-Handelsschule\/61575351655872\/","article_modified_time":"2026-04-12T08:48:14+00:00","og_image":[{"width":3012,"height":591,"url":"https:\/\/www.mpaschule.ch\/wp-content\/uploads\/2016\/01\/MG_1497.jpg","type":"image\/jpeg"}],"twitter_card":"summary_large_image","twitter_misc":{"Gesch\u00e4tzte Lesezeit":"3\u00a0Minuten"},"schema":{"@context":"https:\/\/schema.org","@graph":[{"@type":"WebPage","@id":"https:\/\/www.mpaschule.ch\/index.php\/medizinische-bildung\/kurs-strahlenschutz-roentgentechnik\/","url":"https:\/\/www.mpaschule.ch\/index.php\/medizinische-bildung\/kurs-strahlenschutz-roentgentechnik\/","name":"Strahlenschutzkurs & R\u00f6ntgenkurs nach BAG - MPA Schule Buchs","isPartOf":{"@id":"https:\/\/www.mpaschule.ch\/#website"},"primaryImageOfPage":{"@id":"https:\/\/www.mpaschule.ch\/index.php\/medizinische-bildung\/kurs-strahlenschutz-roentgentechnik\/#primaryimage"},"image":{"@id":"https:\/\/www.mpaschule.ch\/index.php\/medizinische-bildung\/kurs-strahlenschutz-roentgentechnik\/#primaryimage"},"thumbnailUrl":"https:\/\/www.mpaschule.ch\/wp-content\/uploads\/2016\/01\/MG_1497.jpg","datePublished":"2016-01-29T14:01:10+00:00","dateModified":"2026-04-12T08:48:14+00:00","description":"Strahlenschutzkurs und R\u00f6ntgenkurs nach BAG und Medizinisches Labor in der Arztpraxis sind anerkannte Weiterbildungen der MPA Schule Buchs","breadcrumb":{"@id":"https:\/\/www.mpaschule.ch\/index.php\/medizinische-bildung\/kurs-strahlenschutz-roentgentechnik\/#breadcrumb"},"inLanguage":"de","potentialAction":[{"@type":"ReadAction","target":["https:\/\/www.mpaschule.ch\/index.php\/medizinische-bildung\/kurs-strahlenschutz-roentgentechnik\/"]}]},{"@type":"ImageObject","inLanguage":"de","@id":"https:\/\/www.mpaschule.ch\/index.php\/medizinische-bildung\/kurs-strahlenschutz-roentgentechnik\/#primaryimage","url":"https:\/\/www.mpaschule.ch\/wp-content\/uploads\/2016\/01\/MG_1497.jpg","contentUrl":"https:\/\/www.mpaschule.ch\/wp-content\/uploads\/2016\/01\/MG_1497.jpg","width":3012,"height":591,"caption":"Strahlenschutzkurs & R\u00f6ntgenkurs nach BAG"},{"@type":"BreadcrumbList","@id":"https:\/\/www.mpaschule.ch\/index.php\/medizinische-bildung\/kurs-strahlenschutz-roentgentechnik\/#breadcrumb","itemListElement":[{"@type":"ListItem","position":1,"name":"Start","item":"https:\/\/www.mpaschule.ch\/"},{"@type":"ListItem","position":2,"name":"Medizinische Bildung","item":"https:\/\/www.mpaschule.ch\/index.php\/medizinische-bildung\/"},{"@type":"ListItem","position":3,"name":"Medizinisches Labor in der ArztpraxisAnerkannter Strahlenschutzkurs &#038; R\u00f6ntgenkurs nach BAG"}]},{"@type":"WebSite","@id":"https:\/\/www.mpaschule.ch\/#website","url":"https:\/\/www.mpaschule.ch\/","name":"MPA Berufs- und Handelsschule Buchs","description":"MPA EFZ, KV EFZ, MPK klinische Richtung, MPK praxisleitende Richtung, Handelsdiplom VSH, B\u00fcrofachdiplom VSH, Medizinische Praxisassistentin\/Medizinischer Praxisassistent EFZ, Medizinische Sekret\u00e4rin H+\/Arztsekret\u00e4rin","publisher":{"@id":"https:\/\/www.mpaschule.ch\/#organization"},"potentialAction":[{"@type":"SearchAction","target":{"@type":"EntryPoint","urlTemplate":"https:\/\/www.mpaschule.ch\/?s={search_term_string}"},"query-input":{"@type":"PropertyValueSpecification","valueRequired":true,"valueName":"search_term_string"}}],"inLanguage":"de"},{"@type":"Organization","@id":"https:\/\/www.mpaschule.ch\/#organization","name":"MPA Berufs- und Handelsschule Buchs","url":"https:\/\/www.mpaschule.ch\/","logo":{"@type":"ImageObject","inLanguage":"de","@id":"https:\/\/www.mpaschule.ch\/#\/schema\/logo\/image\/","url":"https:\/\/www.mpaschule.ch\/wp-content\/uploads\/2025\/12\/Logo_gross_WeissHintergrund.png","contentUrl":"https:\/\/www.mpaschule.ch\/wp-content\/uploads\/2025\/12\/Logo_gross_WeissHintergrund.png","width":1902,"height":2007,"caption":"MPA Berufs- und Handelsschule Buchs"},"image":{"@id":"https:\/\/www.mpaschule.ch\/#\/schema\/logo\/image\/"},"sameAs":["https:\/\/www.facebook.com\/people\/MPA-Berufs-und-Handelsschule\/61575351655872\/","https:\/\/www.instagram.com\/mpaschule\/","https:\/\/www.youtube.com\/@mpaschule-buchs"]}]}},"_links":{"self":[{"href":"https:\/\/www.mpaschule.ch\/index.php\/wp-json\/wp\/v2\/pages\/15","targetHints":{"allow":["GET"]}}],"collection":[{"href":"https:\/\/www.mpaschule.ch\/index.php\/wp-json\/wp\/v2\/pages"}],"about":[{"href":"https:\/\/www.mpaschule.ch\/index.php\/wp-json\/wp\/v2\/types\/page"}],"author":[{"embeddable":true,"href":"https:\/\/www.mpaschule.ch\/index.php\/wp-json\/wp\/v2\/users\/1"}],"replies":[{"embeddable":true,"href":"https:\/\/www.mpaschule.ch\/index.php\/wp-json\/wp\/v2\/comments?post=15"}],"version-history":[{"count":121,"href":"https:\/\/www.mpaschule.ch\/index.php\/wp-json\/wp\/v2\/pages\/15\/revisions"}],"predecessor-version":[{"id":10245,"href":"https:\/\/www.mpaschule.ch\/index.php\/wp-json\/wp\/v2\/pages\/15\/revisions\/10245"}],"up":[{"embeddable":true,"href":"https:\/\/www.mpaschule.ch\/index.php\/wp-json\/wp\/v2\/pages\/7"}],"wp:featuredmedia":[{"embeddable":true,"href":"https:\/\/www.mpaschule.ch\/index.php\/wp-json\/wp\/v2\/media\/1596"}],"wp:attachment":[{"href":"https:\/\/www.mpaschule.ch\/index.php\/wp-json\/wp\/v2\/media?parent=15"}],"curies":[{"name":"wp","href":"https:\/\/api.w.org\/{rel}","templated":true}]}}