{"id":13,"date":"2016-01-29T15:00:38","date_gmt":"2016-01-29T14:00:38","guid":{"rendered":"http:\/\/mpaschule.ch\/?page_id=13"},"modified":"2025-12-22T10:32:47","modified_gmt":"2025-12-22T09:32:47","slug":"vorbereitungsjahr-fuer-medizinische-berufe","status":"publish","type":"page","link":"https:\/\/www.mpaschule.ch\/index.php\/medizinische-bildung\/vorbereitungsjahr-fuer-medizinische-berufe\/","title":{"rendered":"Vorbereitungsjahr f\u00fcr Medizinische Berufe"},"content":{"rendered":"<h3><span style=\"color: #800000;\">Dieses Ausbildungsjahr eignet sich f\u00fcr Schulabg\u00e4nger, die sich noch nicht \u00fcber ihre beruflichen oder schulischen Ziele im Klaren sind und dient auch als Vorbereitung f\u00fcr medizinische Berufe, wie zum Beispiel Medizinische Praxisassistentin\/Medizinischer Praxisassistent.<\/span><\/h3>\n<h3><span style=\"color: #000080;\"><a style=\"color: #000080;\" href=\"https:\/\/forms.cloud.microsoft\/Pages\/ResponsePage.aspx?id=F5XseTvV9Ua1qnERnOEwG6P6GLZil1NHvNpZ-6h50nFUMlZBV0JUR1NKOUQ1TjVJWktDUkVPQzhFRi4u\">Melde Dich hier zum unverbindlichen Infogespr\u00e4ch an!<\/a><\/span><\/h3>\n<h4>Es soll eine Erweiterung und Vertiefung der Allgemeinbildung erreicht werden sowie die F\u00f6rderung der Selbst\u00e4ndigkeit, der Arbeits- und Denkweise. Die Pers\u00f6nlichkeitsentwicklung und Festigung des Selbstvertrauens bilden einen wichtigen Bestandteil. Zus\u00e4tzlich hat die\/der Lernende die M\u00f6glichkeit, nebst den Pflichtf\u00e4chern, weitere F\u00e4cher individuell auszuw\u00e4hlen.<\/h4>\n<p><img loading=\"lazy\" decoding=\"async\" class=\"alignnone wp-image-647 \" src=\"http:\/\/mpaschule.ch\/wp-content\/uploads\/2016\/01\/raum-tuerkies_20-1024x256.jpg\" alt=\"raum tuerkies_20\" width=\"708\" height=\"177\" srcset=\"https:\/\/www.mpaschule.ch\/wp-content\/uploads\/2016\/01\/raum-tuerkies_20-1024x256.jpg 1024w, https:\/\/www.mpaschule.ch\/wp-content\/uploads\/2016\/01\/raum-tuerkies_20-300x75.jpg 300w, https:\/\/www.mpaschule.ch\/wp-content\/uploads\/2016\/01\/raum-tuerkies_20-768x192.jpg 768w\" sizes=\"auto, (max-width: 708px) 100vw, 708px\" \/><\/p>\n<hr \/>\n<h3>Ausbildungsmodus<\/h3>\n<ul>\n<li>\n<h4>1 Jahr Vollzeitausbildung<\/h4>\n<\/li>\n<li>\n<h4>Abschluss: Zertifikat der <span class=\"MPA\">MPA<\/span><span class=\"BERUFS-_UND_HANDELSSCHULE\"> Berufs- und Handelsschule <\/span><\/h4>\n<\/li>\n<\/ul>\n<hr \/>\n<h3>Ausbildungsbeginn:<\/h3>\n<h4>Mitte August<\/h4>\n<hr \/>\n<h3><span style=\"color: #800000;\">Anmeldung<\/span><\/h3>\n<h4><a class=\"anmeldungm\" href=\"https:\/\/www.mpaschule.ch\/wp-content\/uploads\/2025\/08\/Vorbereitungsjahr-fuer-medizinische-Berufe_Anmeldeformular.docx-1.pdf\">Vorbereitungsjahr f\u00fcr medizinische Berufe: Anmeldeformular zum Ausf\u00fcllen<\/a><\/h4>\n<hr \/>\n<h3><span style=\"color: #800000;\">Individuelles, unverbindliches Infogespr\u00e4ch<\/span><\/h3>\n<h4><a class=\"anmeldungm\" href=\"https:\/\/forms.cloud.microsoft\/Pages\/ResponsePage.aspx?id=F5XseTvV9Ua1qnERnOEwG6P6GLZil1NHvNpZ-6h50nFUMlZBV0JUR1NKOUQ1TjVJWktDUkVPQzhFRi4u\">Online-Formular f\u00fcr weitere Infos und\/oder Anmeldung unverbindliches Infogespr\u00e4ch<\/a><\/h4>\n","protected":false},"excerpt":{"rendered":"<p>Dieses Ausbildungsjahr eignet sich f\u00fcr Schulabg\u00e4nger, die sich noch nicht \u00fcber ihre beruflichen oder schulischen Ziele im Klaren sind und dient auch <a class=\"read-more\" href=\"https:\/\/www.mpaschule.ch\/index.php\/medizinische-bildung\/vorbereitungsjahr-fuer-medizinische-berufe\/\">weiterlesen<\/a><\/p>\n","protected":false},"author":1,"featured_media":654,"parent":7,"menu_order":6,"comment_status":"closed","ping_status":"closed","template":"TMP_MED.php","meta":{"_acf_changed":false,"footnotes":""},"class_list":["post-13","page","type-page","status-publish","has-post-thumbnail","hentry"],"acf":[],"yoast_head":"<!-- This site is optimized with the Yoast SEO plugin v27.3 - https:\/\/yoast.com\/product\/yoast-seo-wordpress\/ -->\r\n<title>Vorbereitungsjahr f\u00fcr Medizinische Berufe - MPA Berufs- und Handelsschule Buchs<\/title>\r\n<meta name=\"robots\" content=\"index, follow, max-snippet:-1, max-image-preview:large, max-video-preview:-1\" \/>\r\n<link rel=\"canonical\" href=\"https:\/\/www.mpaschule.ch\/index.php\/medizinische-bildung\/vorbereitungsjahr-fuer-medizinische-berufe\/\" \/>\r\n<meta property=\"og:locale\" content=\"de_DE\" \/>\r\n<meta property=\"og:type\" content=\"article\" \/>\r\n<meta property=\"og:title\" content=\"Vorbereitungsjahr f\u00fcr Medizinische Berufe - MPA Berufs- und Handelsschule Buchs\" \/>\r\n<meta property=\"og:description\" content=\"Dieses Ausbildungsjahr eignet sich f\u00fcr Schulabg\u00e4nger, die sich noch nicht \u00fcber ihre beruflichen oder schulischen Ziele im Klaren sind und dient auch weiterlesen\" \/>\r\n<meta property=\"og:url\" content=\"https:\/\/www.mpaschule.ch\/index.php\/medizinische-bildung\/vorbereitungsjahr-fuer-medizinische-berufe\/\" \/>\r\n<meta property=\"og:site_name\" content=\"MPA Berufs- und Handelsschule Buchs\" \/>\r\n<meta property=\"article:publisher\" content=\"https:\/\/www.facebook.com\/people\/MPA-Berufs-und-Handelsschule\/61575351655872\/\" \/>\r\n<meta property=\"article:modified_time\" content=\"2025-12-22T09:32:47+00:00\" \/>\r\n<meta property=\"og:image\" content=\"https:\/\/www.mpaschule.ch\/wp-content\/uploads\/2016\/01\/raum-tuerkies_27.jpg\" \/>\r\n\t<meta property=\"og:image:width\" content=\"4288\" \/>\r\n\t<meta property=\"og:image:height\" content=\"1072\" \/>\r\n\t<meta property=\"og:image:type\" content=\"image\/jpeg\" \/>\r\n<meta name=\"twitter:card\" content=\"summary_large_image\" \/>\r\n<meta name=\"twitter:label1\" content=\"Gesch\u00e4tzte Lesezeit\" \/>\n\t<meta name=\"twitter:data1\" content=\"2\u00a0Minuten\" \/>\r\n<script type=\"application\/ld+json\" class=\"yoast-schema-graph\">{\"@context\":\"https:\\\/\\\/schema.org\",\"@graph\":[{\"@type\":\"WebPage\",\"@id\":\"https:\\\/\\\/www.mpaschule.ch\\\/index.php\\\/medizinische-bildung\\\/vorbereitungsjahr-fuer-medizinische-berufe\\\/\",\"url\":\"https:\\\/\\\/www.mpaschule.ch\\\/index.php\\\/medizinische-bildung\\\/vorbereitungsjahr-fuer-medizinische-berufe\\\/\",\"name\":\"Vorbereitungsjahr f\u00fcr Medizinische Berufe - MPA Berufs- und Handelsschule Buchs\",\"isPartOf\":{\"@id\":\"https:\\\/\\\/www.mpaschule.ch\\\/#website\"},\"primaryImageOfPage\":{\"@id\":\"https:\\\/\\\/www.mpaschule.ch\\\/index.php\\\/medizinische-bildung\\\/vorbereitungsjahr-fuer-medizinische-berufe\\\/#primaryimage\"},\"image\":{\"@id\":\"https:\\\/\\\/www.mpaschule.ch\\\/index.php\\\/medizinische-bildung\\\/vorbereitungsjahr-fuer-medizinische-berufe\\\/#primaryimage\"},\"thumbnailUrl\":\"https:\\\/\\\/www.mpaschule.ch\\\/wp-content\\\/uploads\\\/2016\\\/01\\\/raum-tuerkies_27.jpg\",\"datePublished\":\"2016-01-29T14:00:38+00:00\",\"dateModified\":\"2025-12-22T09:32:47+00:00\",\"breadcrumb\":{\"@id\":\"https:\\\/\\\/www.mpaschule.ch\\\/index.php\\\/medizinische-bildung\\\/vorbereitungsjahr-fuer-medizinische-berufe\\\/#breadcrumb\"},\"inLanguage\":\"de\",\"potentialAction\":[{\"@type\":\"ReadAction\",\"target\":[\"https:\\\/\\\/www.mpaschule.ch\\\/index.php\\\/medizinische-bildung\\\/vorbereitungsjahr-fuer-medizinische-berufe\\\/\"]}]},{\"@type\":\"ImageObject\",\"inLanguage\":\"de\",\"@id\":\"https:\\\/\\\/www.mpaschule.ch\\\/index.php\\\/medizinische-bildung\\\/vorbereitungsjahr-fuer-medizinische-berufe\\\/#primaryimage\",\"url\":\"https:\\\/\\\/www.mpaschule.ch\\\/wp-content\\\/uploads\\\/2016\\\/01\\\/raum-tuerkies_27.jpg\",\"contentUrl\":\"https:\\\/\\\/www.mpaschule.ch\\\/wp-content\\\/uploads\\\/2016\\\/01\\\/raum-tuerkies_27.jpg\",\"width\":4288,\"height\":1072,\"caption\":\"Medizinische\\\/r Sekret\u00e4r\\\/in\"},{\"@type\":\"BreadcrumbList\",\"@id\":\"https:\\\/\\\/www.mpaschule.ch\\\/index.php\\\/medizinische-bildung\\\/vorbereitungsjahr-fuer-medizinische-berufe\\\/#breadcrumb\",\"itemListElement\":[{\"@type\":\"ListItem\",\"position\":1,\"name\":\"Start\",\"item\":\"https:\\\/\\\/www.mpaschule.ch\\\/\"},{\"@type\":\"ListItem\",\"position\":2,\"name\":\"Medizinische Bildung\",\"item\":\"https:\\\/\\\/www.mpaschule.ch\\\/index.php\\\/medizinische-bildung\\\/\"},{\"@type\":\"ListItem\",\"position\":3,\"name\":\"Vorbereitungsjahr f\u00fcr Medizinische Berufe\"}]},{\"@type\":\"WebSite\",\"@id\":\"https:\\\/\\\/www.mpaschule.ch\\\/#website\",\"url\":\"https:\\\/\\\/www.mpaschule.ch\\\/\",\"name\":\"MPA Berufs- und Handelsschule Buchs\",\"description\":\"MPA EFZ, KV EFZ, MPK klinische Richtung, MPK praxisleitende Richtung, Handelsdiplom VSH, B\u00fcrofachdiplom VSH, Medizinische Praxisassistentin\\\/Medizinischer Praxisassistent EFZ, Medizinische Sekret\u00e4rin H+\\\/Arztsekret\u00e4rin\",\"publisher\":{\"@id\":\"https:\\\/\\\/www.mpaschule.ch\\\/#organization\"},\"potentialAction\":[{\"@type\":\"SearchAction\",\"target\":{\"@type\":\"EntryPoint\",\"urlTemplate\":\"https:\\\/\\\/www.mpaschule.ch\\\/?s={search_term_string}\"},\"query-input\":{\"@type\":\"PropertyValueSpecification\",\"valueRequired\":true,\"valueName\":\"search_term_string\"}}],\"inLanguage\":\"de\"},{\"@type\":\"Organization\",\"@id\":\"https:\\\/\\\/www.mpaschule.ch\\\/#organization\",\"name\":\"MPA Berufs- und Handelsschule Buchs\",\"url\":\"https:\\\/\\\/www.mpaschule.ch\\\/\",\"logo\":{\"@type\":\"ImageObject\",\"inLanguage\":\"de\",\"@id\":\"https:\\\/\\\/www.mpaschule.ch\\\/#\\\/schema\\\/logo\\\/image\\\/\",\"url\":\"https:\\\/\\\/www.mpaschule.ch\\\/wp-content\\\/uploads\\\/2025\\\/12\\\/Logo_gross_WeissHintergrund.png\",\"contentUrl\":\"https:\\\/\\\/www.mpaschule.ch\\\/wp-content\\\/uploads\\\/2025\\\/12\\\/Logo_gross_WeissHintergrund.png\",\"width\":1902,\"height\":2007,\"caption\":\"MPA Berufs- und Handelsschule Buchs\"},\"image\":{\"@id\":\"https:\\\/\\\/www.mpaschule.ch\\\/#\\\/schema\\\/logo\\\/image\\\/\"},\"sameAs\":[\"https:\\\/\\\/www.facebook.com\\\/people\\\/MPA-Berufs-und-Handelsschule\\\/61575351655872\\\/\",\"https:\\\/\\\/www.instagram.com\\\/mpaschule\\\/\",\"https:\\\/\\\/www.youtube.com\\\/@mpaschule-buchs\"]}]}<\/script>\r\n<!-- \/ Yoast SEO plugin. -->","yoast_head_json":{"title":"Vorbereitungsjahr f\u00fcr Medizinische Berufe - MPA Berufs- und Handelsschule Buchs","robots":{"index":"index","follow":"follow","max-snippet":"max-snippet:-1","max-image-preview":"max-image-preview:large","max-video-preview":"max-video-preview:-1"},"canonical":"https:\/\/www.mpaschule.ch\/index.php\/medizinische-bildung\/vorbereitungsjahr-fuer-medizinische-berufe\/","og_locale":"de_DE","og_type":"article","og_title":"Vorbereitungsjahr f\u00fcr Medizinische Berufe - MPA Berufs- und Handelsschule Buchs","og_description":"Dieses Ausbildungsjahr eignet sich f\u00fcr Schulabg\u00e4nger, die sich noch nicht \u00fcber ihre beruflichen oder schulischen Ziele im Klaren sind und dient auch weiterlesen","og_url":"https:\/\/www.mpaschule.ch\/index.php\/medizinische-bildung\/vorbereitungsjahr-fuer-medizinische-berufe\/","og_site_name":"MPA Berufs- und Handelsschule Buchs","article_publisher":"https:\/\/www.facebook.com\/people\/MPA-Berufs-und-Handelsschule\/61575351655872\/","article_modified_time":"2025-12-22T09:32:47+00:00","og_image":[{"width":4288,"height":1072,"url":"https:\/\/www.mpaschule.ch\/wp-content\/uploads\/2016\/01\/raum-tuerkies_27.jpg","type":"image\/jpeg"}],"twitter_card":"summary_large_image","twitter_misc":{"Gesch\u00e4tzte Lesezeit":"2\u00a0Minuten"},"schema":{"@context":"https:\/\/schema.org","@graph":[{"@type":"WebPage","@id":"https:\/\/www.mpaschule.ch\/index.php\/medizinische-bildung\/vorbereitungsjahr-fuer-medizinische-berufe\/","url":"https:\/\/www.mpaschule.ch\/index.php\/medizinische-bildung\/vorbereitungsjahr-fuer-medizinische-berufe\/","name":"Vorbereitungsjahr f\u00fcr Medizinische Berufe - MPA Berufs- und Handelsschule Buchs","isPartOf":{"@id":"https:\/\/www.mpaschule.ch\/#website"},"primaryImageOfPage":{"@id":"https:\/\/www.mpaschule.ch\/index.php\/medizinische-bildung\/vorbereitungsjahr-fuer-medizinische-berufe\/#primaryimage"},"image":{"@id":"https:\/\/www.mpaschule.ch\/index.php\/medizinische-bildung\/vorbereitungsjahr-fuer-medizinische-berufe\/#primaryimage"},"thumbnailUrl":"https:\/\/www.mpaschule.ch\/wp-content\/uploads\/2016\/01\/raum-tuerkies_27.jpg","datePublished":"2016-01-29T14:00:38+00:00","dateModified":"2025-12-22T09:32:47+00:00","breadcrumb":{"@id":"https:\/\/www.mpaschule.ch\/index.php\/medizinische-bildung\/vorbereitungsjahr-fuer-medizinische-berufe\/#breadcrumb"},"inLanguage":"de","potentialAction":[{"@type":"ReadAction","target":["https:\/\/www.mpaschule.ch\/index.php\/medizinische-bildung\/vorbereitungsjahr-fuer-medizinische-berufe\/"]}]},{"@type":"ImageObject","inLanguage":"de","@id":"https:\/\/www.mpaschule.ch\/index.php\/medizinische-bildung\/vorbereitungsjahr-fuer-medizinische-berufe\/#primaryimage","url":"https:\/\/www.mpaschule.ch\/wp-content\/uploads\/2016\/01\/raum-tuerkies_27.jpg","contentUrl":"https:\/\/www.mpaschule.ch\/wp-content\/uploads\/2016\/01\/raum-tuerkies_27.jpg","width":4288,"height":1072,"caption":"Medizinische\/r Sekret\u00e4r\/in"},{"@type":"BreadcrumbList","@id":"https:\/\/www.mpaschule.ch\/index.php\/medizinische-bildung\/vorbereitungsjahr-fuer-medizinische-berufe\/#breadcrumb","itemListElement":[{"@type":"ListItem","position":1,"name":"Start","item":"https:\/\/www.mpaschule.ch\/"},{"@type":"ListItem","position":2,"name":"Medizinische Bildung","item":"https:\/\/www.mpaschule.ch\/index.php\/medizinische-bildung\/"},{"@type":"ListItem","position":3,"name":"Vorbereitungsjahr f\u00fcr Medizinische Berufe"}]},{"@type":"WebSite","@id":"https:\/\/www.mpaschule.ch\/#website","url":"https:\/\/www.mpaschule.ch\/","name":"MPA Berufs- und Handelsschule Buchs","description":"MPA EFZ, KV EFZ, MPK klinische Richtung, MPK praxisleitende Richtung, Handelsdiplom VSH, B\u00fcrofachdiplom VSH, Medizinische Praxisassistentin\/Medizinischer Praxisassistent EFZ, Medizinische Sekret\u00e4rin H+\/Arztsekret\u00e4rin","publisher":{"@id":"https:\/\/www.mpaschule.ch\/#organization"},"potentialAction":[{"@type":"SearchAction","target":{"@type":"EntryPoint","urlTemplate":"https:\/\/www.mpaschule.ch\/?s={search_term_string}"},"query-input":{"@type":"PropertyValueSpecification","valueRequired":true,"valueName":"search_term_string"}}],"inLanguage":"de"},{"@type":"Organization","@id":"https:\/\/www.mpaschule.ch\/#organization","name":"MPA Berufs- und Handelsschule Buchs","url":"https:\/\/www.mpaschule.ch\/","logo":{"@type":"ImageObject","inLanguage":"de","@id":"https:\/\/www.mpaschule.ch\/#\/schema\/logo\/image\/","url":"https:\/\/www.mpaschule.ch\/wp-content\/uploads\/2025\/12\/Logo_gross_WeissHintergrund.png","contentUrl":"https:\/\/www.mpaschule.ch\/wp-content\/uploads\/2025\/12\/Logo_gross_WeissHintergrund.png","width":1902,"height":2007,"caption":"MPA Berufs- und Handelsschule Buchs"},"image":{"@id":"https:\/\/www.mpaschule.ch\/#\/schema\/logo\/image\/"},"sameAs":["https:\/\/www.facebook.com\/people\/MPA-Berufs-und-Handelsschule\/61575351655872\/","https:\/\/www.instagram.com\/mpaschule\/","https:\/\/www.youtube.com\/@mpaschule-buchs"]}]}},"_links":{"self":[{"href":"https:\/\/www.mpaschule.ch\/index.php\/wp-json\/wp\/v2\/pages\/13","targetHints":{"allow":["GET"]}}],"collection":[{"href":"https:\/\/www.mpaschule.ch\/index.php\/wp-json\/wp\/v2\/pages"}],"about":[{"href":"https:\/\/www.mpaschule.ch\/index.php\/wp-json\/wp\/v2\/types\/page"}],"author":[{"embeddable":true,"href":"https:\/\/www.mpaschule.ch\/index.php\/wp-json\/wp\/v2\/users\/1"}],"replies":[{"embeddable":true,"href":"https:\/\/www.mpaschule.ch\/index.php\/wp-json\/wp\/v2\/comments?post=13"}],"version-history":[{"count":50,"href":"https:\/\/www.mpaschule.ch\/index.php\/wp-json\/wp\/v2\/pages\/13\/revisions"}],"predecessor-version":[{"id":9987,"href":"https:\/\/www.mpaschule.ch\/index.php\/wp-json\/wp\/v2\/pages\/13\/revisions\/9987"}],"up":[{"embeddable":true,"href":"https:\/\/www.mpaschule.ch\/index.php\/wp-json\/wp\/v2\/pages\/7"}],"wp:featuredmedia":[{"embeddable":true,"href":"https:\/\/www.mpaschule.ch\/index.php\/wp-json\/wp\/v2\/media\/654"}],"wp:attachment":[{"href":"https:\/\/www.mpaschule.ch\/index.php\/wp-json\/wp\/v2\/media?parent=13"}],"curies":[{"name":"wp","href":"https:\/\/api.w.org\/{rel}","templated":true}]}}